{"id":5486,"date":"2023-01-25T17:59:11","date_gmt":"2023-01-25T16:59:11","guid":{"rendered":"https:\/\/psv-groupe.com\/?page_id=5486"},"modified":"2024-04-26T14:40:32","modified_gmt":"2024-04-26T12:40:32","slug":"mentions-legales","status":"publish","type":"page","link":"https:\/\/psv-groupe.com\/fr\/mentions-legales\/","title":{"rendered":"Mentions l\u00e9gales"},"content":{"rendered":"\t\t<div data-elementor-type=\"wp-page\" data-elementor-id=\"5486\" class=\"elementor elementor-5486\" data-elementor-post-type=\"page\">\n\t\t\t\t\t\t<section class=\"elementor-section elementor-top-section elementor-element elementor-element-bc0564f elementor-section-boxed elementor-section-height-default elementor-section-height-default\" data-id=\"bc0564f\" data-element_type=\"section\" data-e-type=\"section\">\n\t\t\t\t\t\t<div class=\"elementor-container elementor-column-gap-default\">\n\t\t\t\t\t<div class=\"elementor-column elementor-col-100 elementor-top-column elementor-element elementor-element-2bbde98\" data-id=\"2bbde98\" data-element_type=\"column\" data-e-type=\"column\">\n\t\t\t<div class=\"elementor-widget-wrap elementor-element-populated\">\n\t\t\t\t\t\t<div class=\"elementor-element elementor-element-ef432ba elementor-widget elementor-widget-heading\" data-id=\"ef432ba\" data-element_type=\"widget\" data-e-type=\"widget\" data-widget_type=\"heading.default\">\n\t\t\t\t<div class=\"elementor-widget-container\">\n\t\t\t\t\t<h1 class=\"elementor-heading-title elementor-size-default\">Mentions l\u00e9gales<\/h1>\t\t\t\t<\/div>\n\t\t\t\t<\/div>\n\t\t\t\t<div class=\"elementor-element elementor-element-f5cdfce elementor-widget elementor-widget-text-editor\" data-id=\"f5cdfce\" data-element_type=\"widget\" data-e-type=\"widget\" data-widget_type=\"text-editor.default\">\n\t\t\t\t<div class=\"elementor-widget-container\">\n\t\t\t\t\t\t\t\t\t<h2>Propri\u00e9t\u00e9 du site<\/h2><h3>Ce site web est \u00e9dit\u00e9 par le Groupe PSV<\/h3><p>Usine du berre au loup D147 &#8211; BP20<br \/>95420 GENAINVILLE France<\/p><p>T\u00e9l : +33 (0)1 34 46 86 86<br \/>Fax : +33 (0)1 34 46 86 87<\/p><p>Conception, d\u00e9veloppement, r\u00e9alisation graphique et r\u00e9f\u00e9rencement internet par l&rsquo;<a href=\"https:\/\/www.pulsar-agency.com\" target=\"_blank\" rel=\"noopener\">agence Pulsar<\/a><\/p><p>H\u00e9bergement : serveur d\u00e9di\u00e9 Pulsar chez OVH<\/p><p>Logiciel utilis\u00e9 : WordPress &#8211; Elementor<\/p><h2>Cadre l\u00e9gal CNIL et RGPD<\/h2><p>Les informations recueillies font l\u2019objet d\u2019un traitement informatique destin\u00e9 au traitement de votre demande. Le destinataire des donn\u00e9es est l\u2019\u00e9diteur du site. Conform\u00e9ment \u00e0 la loi \u00ab\u00a0informatique et libert\u00e9s\u00a0\u00bb du 6 janvier 1978 modifi\u00e9e en 2004 et en 2018 par le RGPD (R\u00e9glement G\u00e9n\u00e9ral de Protection de Donn\u00e9es), vous b\u00e9n\u00e9ficiez d\u2019un droit d\u2019acc\u00e8s et de rectification aux informations qui vous concernent, que vous pouvez exercer en vous adressant \u00e0 l\u2019\u00e9diteur du site. Vous pouvez \u00e9galement, pour des motifs l\u00e9gitimes, vous opposer au traitement des donn\u00e9es vous concernant.<\/p><h2>Utilisation de Cookies<\/h2><p>Un ou plusieurs cookies (petits fichiers textes) peuvent \u00e9ventuellement s&rsquo;installer sur le disque dur de votre ordinateur lors de votre visite sur notre site Internet. Ces cookies permettront notamment d&rsquo;assurer le bon fonctionnement des cha\u00eenes de navigation globale, et de personnaliser votre acc\u00e8s \u00e0 tout ou partie de notre site Internet. Vous avez la possibilit\u00e9 de supprimer les cookies install\u00e9s lors de votre visite sur notre site Internet \u00e0 l&rsquo;aide de la barre d&rsquo;outils de votre navigateur. La suppression des cookies devra intervenir une fois votre navigation sur le site termin\u00e9e. Vous \u00eates inform\u00e9 du fait que l&rsquo;usage de notre site Internet, ainsi que les services qui y sont propos\u00e9s, pourraient \u00eatre perturb\u00e9s, voire emp\u00each\u00e9s. La dur\u00e9e de r\u00e9tentions du consentement pour les cookies a une limite de validit\u00e9 de 13 mois.\u00a0Les donn\u00e9es stock\u00e9es par Google Analytics sont potentiellement transmises \u00e0 Google US et l&rsquo;\u00e9tude d&rsquo;impact a \u00e9t\u00e9 r\u00e9alis\u00e9e par Google Europe.<\/p><p>Le consentement obligatoire et explicite de l\u2019internaute pour tout service utilis\u00e9 sur le site web tel que Google Analytics, Adsense, Adwords, partages sur les r\u00e9seaux sociaux, etc&#8230; n\u2019a pas de limite de validit\u00e9.<\/p><h2>Formulaires et donn\u00e9es personnelles<\/h2><p>Les formulaires de ce site qui demandent des informations personnelles de l&rsquo;internaute (immatriculation, localisation, email, num de t\u00e9l\u00e9phone, date de naissance, etc&#8230; ) et qui les stockent en base de donn\u00e9es r\u00e9clament le consentement explicite de celui-ci sans limite de dur\u00e9e de validit\u00e9. Les donn\u00e9es r\u00e9colt\u00e9es par ces formulaires ont une limite de dur\u00e9e de 3 ans maximum apr\u00e8s la fin de la relation entre la structure et l&rsquo;internaute. Apr\u00e8s ce d\u00e9lai ces donn\u00e9es sont effac\u00e9es du site.<\/p><h2>Acc\u00e8s et portabilit\u00e9 des donn\u00e9es personnelles<\/h2><p>Vous pouvez \u00e0 tout moment au travers de notre formulaire de contact demander la consultation et suppression de vos donn\u00e9es soumises. Un export de ces donn\u00e9es au format excel vous sera remis.<\/p>\t\t\t\t\t\t\t\t<\/div>\n\t\t\t\t<\/div>\n\t\t\t\t\t<\/div>\n\t\t<\/div>\n\t\t\t\t\t<\/div>\n\t\t<\/section>\n\t\t\t\t<\/div>\n\t\t","protected":false},"excerpt":{"rendered":"<p>Mentions l\u00e9gales Propri\u00e9t\u00e9 du site Ce site web est \u00e9dit\u00e9 par le Groupe PSV Usine du berre au loup D147 &#8211; BP2095420 GENAINVILLE France T\u00e9l : +33 (0)1 34 46 86 86Fax : +33 (0)1 34 46 86 87 Conception, d\u00e9veloppement, r\u00e9alisation graphique et r\u00e9f\u00e9rencement internet par l&rsquo;agence Pulsar H\u00e9bergement : serveur d\u00e9di\u00e9 Pulsar chez [&hellip;]<\/p>\n","protected":false},"author":1,"featured_media":0,"parent":0,"menu_order":4,"comment_status":"closed","ping_status":"closed","template":"","meta":{"footnotes":""},"class_list":["post-5486","page","type-page","status-publish","hentry"],"yoast_head":"<!-- This site is optimized with the Yoast SEO plugin v27.3 - https:\/\/yoast.com\/product\/yoast-seo-wordpress\/ -->\n<title>Mentions l\u00e9gales - PSV<\/title>\n<meta name=\"robots\" content=\"index, follow, max-snippet:-1, max-image-preview:large, max-video-preview:-1\" \/>\n<link rel=\"canonical\" href=\"https:\/\/psv-groupe.com\/fr\/mentions-legales\/\" \/>\n<meta property=\"og:locale\" content=\"fr_FR\" \/>\n<meta property=\"og:type\" content=\"article\" \/>\n<meta property=\"og:title\" content=\"Mentions l\u00e9gales - PSV\" \/>\n<meta property=\"og:description\" content=\"Mentions l\u00e9gales Propri\u00e9t\u00e9 du site Ce site web est \u00e9dit\u00e9 par le Groupe PSV Usine du berre au loup D147 &#8211; BP2095420 GENAINVILLE France T\u00e9l : +33 (0)1 34 46 86 86Fax : +33 (0)1 34 46 86 87 Conception, d\u00e9veloppement, r\u00e9alisation graphique et r\u00e9f\u00e9rencement internet par l&rsquo;agence Pulsar H\u00e9bergement : serveur d\u00e9di\u00e9 Pulsar chez [&hellip;]\" \/>\n<meta property=\"og:url\" content=\"https:\/\/psv-groupe.com\/fr\/mentions-legales\/\" \/>\n<meta property=\"og:site_name\" content=\"PSV\" \/>\n<meta property=\"article:modified_time\" content=\"2024-04-26T12:40:32+00:00\" \/>\n<meta name=\"twitter:card\" content=\"summary_large_image\" \/>\n<meta name=\"twitter:label1\" content=\"Dur\u00e9e de lecture estim\u00e9e\" \/>\n\t<meta name=\"twitter:data1\" content=\"3 minutes\" \/>\n<script type=\"application\/ld+json\" class=\"yoast-schema-graph\">{\"@context\":\"https:\\\/\\\/schema.org\",\"@graph\":[{\"@type\":\"WebPage\",\"@id\":\"https:\\\/\\\/psv-groupe.com\\\/fr\\\/mentions-legales\\\/\",\"url\":\"https:\\\/\\\/psv-groupe.com\\\/fr\\\/mentions-legales\\\/\",\"name\":\"Mentions l\u00e9gales - PSV\",\"isPartOf\":{\"@id\":\"https:\\\/\\\/psv-groupe.com\\\/fr\\\/#website\"},\"datePublished\":\"2023-01-25T16:59:11+00:00\",\"dateModified\":\"2024-04-26T12:40:32+00:00\",\"breadcrumb\":{\"@id\":\"https:\\\/\\\/psv-groupe.com\\\/fr\\\/mentions-legales\\\/#breadcrumb\"},\"inLanguage\":\"fr-FR\",\"potentialAction\":[{\"@type\":\"ReadAction\",\"target\":[\"https:\\\/\\\/psv-groupe.com\\\/fr\\\/mentions-legales\\\/\"]}]},{\"@type\":\"BreadcrumbList\",\"@id\":\"https:\\\/\\\/psv-groupe.com\\\/fr\\\/mentions-legales\\\/#breadcrumb\",\"itemListElement\":[{\"@type\":\"ListItem\",\"position\":1,\"name\":\"Accueil\",\"item\":\"https:\\\/\\\/psv-groupe.com\\\/fr\\\/\"},{\"@type\":\"ListItem\",\"position\":2,\"name\":\"Mentions l\u00e9gales\"}]},{\"@type\":\"WebSite\",\"@id\":\"https:\\\/\\\/psv-groupe.com\\\/fr\\\/#website\",\"url\":\"https:\\\/\\\/psv-groupe.com\\\/fr\\\/\",\"name\":\"PSV\",\"description\":\"Fabricants de machines haut de gamme pour l\u2019artisanat et l\u2019industrie alimentaire.\",\"publisher\":{\"@id\":\"https:\\\/\\\/psv-groupe.com\\\/fr\\\/#organization\"},\"potentialAction\":[{\"@type\":\"SearchAction\",\"target\":{\"@type\":\"EntryPoint\",\"urlTemplate\":\"https:\\\/\\\/psv-groupe.com\\\/fr\\\/?s={search_term_string}\"},\"query-input\":{\"@type\":\"PropertyValueSpecification\",\"valueRequired\":true,\"valueName\":\"search_term_string\"}}],\"inLanguage\":\"fr-FR\"},{\"@type\":\"Organization\",\"@id\":\"https:\\\/\\\/psv-groupe.com\\\/fr\\\/#organization\",\"name\":\"PSV\",\"url\":\"https:\\\/\\\/psv-groupe.com\\\/fr\\\/\",\"logo\":{\"@type\":\"ImageObject\",\"inLanguage\":\"fr-FR\",\"@id\":\"https:\\\/\\\/psv-groupe.com\\\/fr\\\/#\\\/schema\\\/logo\\\/image\\\/\",\"url\":\"https:\\\/\\\/psv-groupe.com\\\/wp-content\\\/uploads\\\/2022\\\/03\\\/LOGO-ENG-1.png\",\"contentUrl\":\"https:\\\/\\\/psv-groupe.com\\\/wp-content\\\/uploads\\\/2022\\\/03\\\/LOGO-ENG-1.png\",\"width\":828,\"height\":484,\"caption\":\"PSV\"},\"image\":{\"@id\":\"https:\\\/\\\/psv-groupe.com\\\/fr\\\/#\\\/schema\\\/logo\\\/image\\\/\"}}]}<\/script>\n<!-- \/ Yoast SEO plugin. -->","yoast_head_json":{"title":"Mentions l\u00e9gales - PSV","robots":{"index":"index","follow":"follow","max-snippet":"max-snippet:-1","max-image-preview":"max-image-preview:large","max-video-preview":"max-video-preview:-1"},"canonical":"https:\/\/psv-groupe.com\/fr\/mentions-legales\/","og_locale":"fr_FR","og_type":"article","og_title":"Mentions l\u00e9gales - PSV","og_description":"Mentions l\u00e9gales Propri\u00e9t\u00e9 du site Ce site web est \u00e9dit\u00e9 par le Groupe PSV Usine du berre au loup D147 &#8211; BP2095420 GENAINVILLE France T\u00e9l : +33 (0)1 34 46 86 86Fax : +33 (0)1 34 46 86 87 Conception, d\u00e9veloppement, r\u00e9alisation graphique et r\u00e9f\u00e9rencement internet par l&rsquo;agence Pulsar H\u00e9bergement : serveur d\u00e9di\u00e9 Pulsar chez [&hellip;]","og_url":"https:\/\/psv-groupe.com\/fr\/mentions-legales\/","og_site_name":"PSV","article_modified_time":"2024-04-26T12:40:32+00:00","twitter_card":"summary_large_image","twitter_misc":{"Dur\u00e9e de lecture estim\u00e9e":"3 minutes"},"schema":{"@context":"https:\/\/schema.org","@graph":[{"@type":"WebPage","@id":"https:\/\/psv-groupe.com\/fr\/mentions-legales\/","url":"https:\/\/psv-groupe.com\/fr\/mentions-legales\/","name":"Mentions l\u00e9gales - PSV","isPartOf":{"@id":"https:\/\/psv-groupe.com\/fr\/#website"},"datePublished":"2023-01-25T16:59:11+00:00","dateModified":"2024-04-26T12:40:32+00:00","breadcrumb":{"@id":"https:\/\/psv-groupe.com\/fr\/mentions-legales\/#breadcrumb"},"inLanguage":"fr-FR","potentialAction":[{"@type":"ReadAction","target":["https:\/\/psv-groupe.com\/fr\/mentions-legales\/"]}]},{"@type":"BreadcrumbList","@id":"https:\/\/psv-groupe.com\/fr\/mentions-legales\/#breadcrumb","itemListElement":[{"@type":"ListItem","position":1,"name":"Accueil","item":"https:\/\/psv-groupe.com\/fr\/"},{"@type":"ListItem","position":2,"name":"Mentions l\u00e9gales"}]},{"@type":"WebSite","@id":"https:\/\/psv-groupe.com\/fr\/#website","url":"https:\/\/psv-groupe.com\/fr\/","name":"PSV","description":"Fabricants de machines haut de gamme pour l\u2019artisanat et l\u2019industrie alimentaire.","publisher":{"@id":"https:\/\/psv-groupe.com\/fr\/#organization"},"potentialAction":[{"@type":"SearchAction","target":{"@type":"EntryPoint","urlTemplate":"https:\/\/psv-groupe.com\/fr\/?s={search_term_string}"},"query-input":{"@type":"PropertyValueSpecification","valueRequired":true,"valueName":"search_term_string"}}],"inLanguage":"fr-FR"},{"@type":"Organization","@id":"https:\/\/psv-groupe.com\/fr\/#organization","name":"PSV","url":"https:\/\/psv-groupe.com\/fr\/","logo":{"@type":"ImageObject","inLanguage":"fr-FR","@id":"https:\/\/psv-groupe.com\/fr\/#\/schema\/logo\/image\/","url":"https:\/\/psv-groupe.com\/wp-content\/uploads\/2022\/03\/LOGO-ENG-1.png","contentUrl":"https:\/\/psv-groupe.com\/wp-content\/uploads\/2022\/03\/LOGO-ENG-1.png","width":828,"height":484,"caption":"PSV"},"image":{"@id":"https:\/\/psv-groupe.com\/fr\/#\/schema\/logo\/image\/"}}]}},"_links":{"self":[{"href":"https:\/\/psv-groupe.com\/fr\/wp-json\/wp\/v2\/pages\/5486","targetHints":{"allow":["GET"]}}],"collection":[{"href":"https:\/\/psv-groupe.com\/fr\/wp-json\/wp\/v2\/pages"}],"about":[{"href":"https:\/\/psv-groupe.com\/fr\/wp-json\/wp\/v2\/types\/page"}],"author":[{"embeddable":true,"href":"https:\/\/psv-groupe.com\/fr\/wp-json\/wp\/v2\/users\/1"}],"replies":[{"embeddable":true,"href":"https:\/\/psv-groupe.com\/fr\/wp-json\/wp\/v2\/comments?post=5486"}],"version-history":[{"count":1,"href":"https:\/\/psv-groupe.com\/fr\/wp-json\/wp\/v2\/pages\/5486\/revisions"}],"predecessor-version":[{"id":10010,"href":"https:\/\/psv-groupe.com\/fr\/wp-json\/wp\/v2\/pages\/5486\/revisions\/10010"}],"wp:attachment":[{"href":"https:\/\/psv-groupe.com\/fr\/wp-json\/wp\/v2\/media?parent=5486"}],"curies":[{"name":"wp","href":"https:\/\/api.w.org\/{rel}","templated":true}]}}