{"id":5668,"date":"2023-01-27T11:47:47","date_gmt":"2023-01-27T10:47:47","guid":{"rendered":"https:\/\/psv-groupe.com\/?page_id=5668"},"modified":"2023-03-08T11:38:12","modified_gmt":"2023-03-08T10:38:12","slug":"conditions-generales-de-vente","status":"publish","type":"page","link":"https:\/\/psv-groupe.com\/fr\/conditions-generales-de-vente\/","title":{"rendered":"Conditions g\u00e9n\u00e9rales de vente"},"content":{"rendered":"\t\t<div data-elementor-type=\"wp-page\" data-elementor-id=\"5668\" class=\"elementor elementor-5668\" data-elementor-post-type=\"page\">\n\t\t\t\t\t\t<section class=\"elementor-section elementor-top-section elementor-element elementor-element-b1b7130 elementor-section-boxed elementor-section-height-default elementor-section-height-default\" data-id=\"b1b7130\" data-element_type=\"section\" data-e-type=\"section\">\n\t\t\t\t\t\t<div class=\"elementor-container elementor-column-gap-default\">\n\t\t\t\t\t<div class=\"elementor-column elementor-col-100 elementor-top-column elementor-element elementor-element-6c40a41\" data-id=\"6c40a41\" data-element_type=\"column\" data-e-type=\"column\">\n\t\t\t<div class=\"elementor-widget-wrap elementor-element-populated\">\n\t\t\t\t\t\t<div class=\"elementor-element elementor-element-b68b1ea elementor-widget elementor-widget-heading\" data-id=\"b68b1ea\" data-element_type=\"widget\" data-e-type=\"widget\" data-widget_type=\"heading.default\">\n\t\t\t\t<div class=\"elementor-widget-container\">\n\t\t\t\t\t<h1 class=\"elementor-heading-title elementor-size-default\">Conditions g\u00e9n\u00e9rales de vente<\/h1>\t\t\t\t<\/div>\n\t\t\t\t<\/div>\n\t\t\t\t<div class=\"elementor-element elementor-element-ead92a5 elementor-widget elementor-widget-text-editor\" data-id=\"ead92a5\" data-element_type=\"widget\" data-e-type=\"widget\" data-widget_type=\"text-editor.default\">\n\t\t\t\t<div class=\"elementor-widget-container\">\n\t\t\t\t\t\t\t\t\t<h2>1 &#8211; Prix<\/h2><p>Les prix et renseignements port\u00e9s sur les catalogues, prospectus, tarifs sont donn\u00e9s \u00e0 titre indicatif. Tous nos prix s\u2019entendent hors taxe, machine emball\u00e9e, d\u00e9part usine.<\/p><p>Franco France M\u00e9tropolitaine \u00e0 partir d\u2019un montant de 760 \u20ac HT net par commande (remise d\u00e9duite).<\/p><p>Pour l\u2019exportation, nos prix s\u2019entendent d\u00e9part usine (ex-works).<\/p><p>\u00a0<\/p><h2>2 &#8211; Conditions de paiement<\/h2><p>Minimum de facturation fix\u00e9 \u00e0 45 \u20ac HT. Pour toute premi\u00e8re facturation, exp\u00e9dition contre-remboursement, r\u00e8glement au comptant. Les frais de contre-remboursement seront ajout\u00e9s \u00e0 la facture.<\/p><p>Pi\u00e8ces d\u00e9tach\u00e9es : exp\u00e9dition contre-remboursement emballage en sus.<\/p><p>Mat\u00e9riel de la gamme Supinox : exp\u00e9dition contre-remboursement emballage en sus pour un montant inf\u00e9rieur \u00e0 230 \u20ac NET HT &#8211; au-del\u00e0, nos conditions commerciales habituelles s\u2019appliquent.<\/p><p>Conform\u00e9ment \u00e0 l\u2019article L441-6 du Code de commerce issu de la Loi de modernisation de l\u2019\u00e9conomie N\u00b02008-776 du 4 ao\u00fbt 2008 :<\/p><p>&#8211; le d\u00e9lai convenu entre les parties pour r\u00e9gler les sommes dues ne peut d\u00e9passer quarante-cinq jours fin de mois ou soixante jours \u00e0 compter de la date d&rsquo;\u00e9mission de la facture.<\/p><p>&#8211; tout retard donnera lieu \u00e0 l\u2019application d\u2019un int\u00e9r\u00eat de retard \u00e9gal au taux de refinancement le plus r\u00e9cent de la Banque Centrale Europ\u00e9enne major\u00e9e de dix points.<\/p><p>Conform\u00e9ment \u00e0 l\u2019article L442-6 du Code de commerce, modifi\u00e9 par la m\u00eame loi, le fait de soumettre un partenaire \u00e0 des conditions de r\u00e8glement qui ne respectent pas le plafond l\u00e9gal, ainsi que le fait de demander au fournisseur sans raison objective, de diff\u00e9rer la date d\u2019\u00e9mission de la facture, sont passibles notamment d\u2019une amende civile pouvant aller jusqu\u2019\u00e0 deux millions d\u2019euros.<\/p><p>De convention expresse et, sauf notre accord pr\u00e9alable, le d\u00e9faut de paiement de nos fournitures \u00e0 l\u2019\u00e9ch\u00e9ance fix\u00e9e entra\u00eenera, quel que soit le mode de r\u00e8glement pr\u00e9vu, une intervention contentieuse et l\u2019application \u00e0 titre de dommages et int\u00e9r\u00eat d\u2019une indemnit\u00e9 \u00e9gale \u00e0 15% de la somme \u00e0 payer, outre les frais judiciaires et int\u00e9r\u00eats l\u00e9gaux<\/p><p>\u00a0<\/p><h2>3 &#8211; R\u00e9serve de propri\u00e9t\u00e9<\/h2><p>De convention expresse, les marchandises fournies resteront propri\u00e9t\u00e9 jusqu\u2019au paiement int\u00e9gral de leur prix, ceci conform\u00e9ment aux termes de la loi n\u00b0 80-355 du 12.05.80.<\/p><p>\u00a0<\/p><h2>4 &#8211; Internet : Ventes sur sites marchands<\/h2><p>Nous refusons toute publication tarifaire de nos machines sur les sites internet marchands. Tout lien avec le site de PSV ou toutes publications sur internet devra faire l&rsquo;objet d&rsquo;une autorisation \u00e9crite.<\/p><p>\u00a0<\/p><h2>5 \u2013 D\u00e9lais<\/h2><p>Nous faisons le maximum pour vous donner satisfaction le plus rapidement possible. Nos d\u00e9lais de livraison sont donn\u00e9s \u00e0 titre indicatif, ainsi les \u00e9ventuels retards ne peuvent en aucun cas donner lieu \u00e0 des p\u00e9nalit\u00e9s ou dommages quelconques.<\/p><p>\u00a0<\/p><h2>6 &#8211; Transports<\/h2><p>Les marchandises voyagent aux risques et p\u00e9rils de l\u2019acheteur, quel que soit le mode de transport. Le transporteur est seul responsable devant le destinataire. En cas de retard, de perte ou d\u2019avaries, il appartient \u00e0 l\u2019acheteur de faire les r\u00e9serves caract\u00e9ris\u00e9es n\u00e9cessaires aupr\u00e8s du transporteur conform\u00e9ment \u00e0 l\u2019art. 105 du code de commerce.<\/p><p>\u00a0<\/p><h2>7 &#8211; Retour du Mat\u00e9riel en D\u00e9p\u00f4t<\/h2><p>Toutes machines en D\u00e9p\u00f4t doivent nous \u00eatre retourn\u00e9es dans leur emballage d\u2019origine et en Franco.<\/p><p>\u00a0<\/p><h2>8 &#8211; Traitement des DEEE <em>(D\u00e9chets d&rsquo;\u00e9quipements \u00e9lectriques et \u00e9lectronique)<\/em><\/h2><p><em>&#8211; Responsabilit\u00e9 du d\u00e9tenteur final.<\/em><\/p><p>Dans la mesure o\u00f9 les \u00e9quipements vendus sont des \u00e9quipements \u00e9lectriques et \u00e9lectroniques professionnels vis\u00e9s par le D\u00e9cret n\u00b0 2005-829 du 20 Juillet 2005 transposant la directive 2002\/96\/CE du 27 Janvier 2003, il est convenu que l\u2019Acheteur d\u00e9tenant ces \u00e9quipements assurera, sauf convention contraire, le financement et l\u2019organisation de l\u2019\u00e9limination des d\u00e9chets issus de ces \u00e9quipements dans les conditions d\u00e9finies aux articles 21 et 22 dudit d\u00e9cret.<\/p><p>En cas de contr\u00f4le, le constructeur pourra demander \u00e0 son acheteur de lui communiquer les documents \u00e9tablissant qu\u2019il remplit pour ces \u00e9quipements, l\u2019ensemble des obligations qui lui ont \u00e9t\u00e9 transf\u00e9r\u00e9es au titre du contrat de vente. A d\u00e9faut de communication de ces documents, le client sera pr\u00e9sum\u00e9 responsable d\u2019une inex\u00e9cution des obligations mises \u00e0 sa charge et le fabricant se r\u00e9serve le droit de lui demander la r\u00e9paration de tout dommage qu\u2019il pourrait subir de ce fait.<\/p><p>Conform\u00e9ment aux articles 18 et suivants du D\u00e9cret n\u00b02005-829 du 20 juillet 2005 relatif aux d\u00e9chets d&rsquo;\u00e9quipements \u00e9lectriques et \u00e9lectroniques professionnels, les parties conviennent de d\u00e9terminer dans le contrat les modalit\u00e9s d&rsquo;enl\u00e8vement et d&rsquo;\u00e9limination desdits d\u00e9chets.<\/p><p>\u00a0<\/p><h2>9 &#8211; Garanties<\/h2><p>En tant que fabricant, nous garantissons notre mat\u00e9riel un an contre tout vice de fabrication \u2014 la facture fait office de bon de garantie.<\/p><p>Important : Les pi\u00e8ces \u00e9lectriques et \u00e9lectroniques sont exclues de la garantie.<\/p><p>Limite de notre garantie : La garantie ne s&rsquo;applique qu&rsquo;envers l&rsquo;acheteur et non envers les tiers auxquels le mat\u00e9riel pourrait \u00eatre revendu. Notre garantie se limite au remplacement ou \u00e0 la r\u00e9paration sans frais des pi\u00e8ces reconnues par nous d\u00e9fectueuses. Dans ce cas, le mat\u00e9riel est \u00e0 nous retourner en port pay\u00e9. Le port et la main d&rsquo;\u0153uvre restent dans tous les cas \u00e0 la charge de notre distributeur. Toutes mauvaises utilisations et non observations des instructions sp\u00e9ciales \u00e0 chaque appareil entra\u00eenent la suppression de la garantie, ainsi que l&rsquo;absence de plaque de firme.<\/p>\t\t\t\t\t\t\t\t<\/div>\n\t\t\t\t<\/div>\n\t\t\t\t\t<\/div>\n\t\t<\/div>\n\t\t\t\t\t<\/div>\n\t\t<\/section>\n\t\t\t\t<\/div>\n\t\t","protected":false},"excerpt":{"rendered":"<p>Conditions g\u00e9n\u00e9rales de vente 1 &#8211; Prix Les prix et renseignements port\u00e9s sur les catalogues, prospectus, tarifs sont donn\u00e9s \u00e0 titre indicatif. Tous nos prix s\u2019entendent hors taxe, machine emball\u00e9e, d\u00e9part usine. Franco France M\u00e9tropolitaine \u00e0 partir d\u2019un montant de 760 \u20ac HT net par commande (remise d\u00e9duite). Pour l\u2019exportation, nos prix s\u2019entendent d\u00e9part usine [&hellip;]<\/p>\n","protected":false},"author":1,"featured_media":0,"parent":0,"menu_order":3,"comment_status":"closed","ping_status":"closed","template":"","meta":{"footnotes":""},"class_list":["post-5668","page","type-page","status-publish","hentry"],"yoast_head":"<!-- This site is optimized with the Yoast SEO plugin v27.4 - https:\/\/yoast.com\/product\/yoast-seo-wordpress\/ -->\n<title>Conditions g\u00e9n\u00e9rales de vente - PSV<\/title>\n<meta name=\"robots\" content=\"index, follow, max-snippet:-1, max-image-preview:large, max-video-preview:-1\" \/>\n<link rel=\"canonical\" href=\"https:\/\/psv-groupe.com\/fr\/conditions-generales-de-vente\/\" \/>\n<meta property=\"og:locale\" content=\"fr_FR\" \/>\n<meta property=\"og:type\" content=\"article\" \/>\n<meta property=\"og:title\" content=\"Conditions g\u00e9n\u00e9rales de vente - PSV\" \/>\n<meta property=\"og:description\" content=\"Conditions g\u00e9n\u00e9rales de vente 1 &#8211; Prix Les prix et renseignements port\u00e9s sur les catalogues, prospectus, tarifs sont donn\u00e9s \u00e0 titre indicatif. Tous nos prix s\u2019entendent hors taxe, machine emball\u00e9e, d\u00e9part usine. Franco France M\u00e9tropolitaine \u00e0 partir d\u2019un montant de 760 \u20ac HT net par commande (remise d\u00e9duite). Pour l\u2019exportation, nos prix s\u2019entendent d\u00e9part usine [&hellip;]\" \/>\n<meta property=\"og:url\" content=\"https:\/\/psv-groupe.com\/fr\/conditions-generales-de-vente\/\" \/>\n<meta property=\"og:site_name\" content=\"PSV\" \/>\n<meta property=\"article:modified_time\" content=\"2023-03-08T10:38:12+00:00\" \/>\n<meta name=\"twitter:card\" content=\"summary_large_image\" \/>\n<meta name=\"twitter:label1\" content=\"Dur\u00e9e de lecture estim\u00e9e\" \/>\n\t<meta name=\"twitter:data1\" content=\"5 minutes\" \/>\n<script type=\"application\/ld+json\" class=\"yoast-schema-graph\">{\"@context\":\"https:\\\/\\\/schema.org\",\"@graph\":[{\"@type\":\"WebPage\",\"@id\":\"https:\\\/\\\/psv-groupe.com\\\/fr\\\/conditions-generales-de-vente\\\/\",\"url\":\"https:\\\/\\\/psv-groupe.com\\\/fr\\\/conditions-generales-de-vente\\\/\",\"name\":\"Conditions g\u00e9n\u00e9rales de vente - PSV\",\"isPartOf\":{\"@id\":\"https:\\\/\\\/psv-groupe.com\\\/fr\\\/#website\"},\"datePublished\":\"2023-01-27T10:47:47+00:00\",\"dateModified\":\"2023-03-08T10:38:12+00:00\",\"breadcrumb\":{\"@id\":\"https:\\\/\\\/psv-groupe.com\\\/fr\\\/conditions-generales-de-vente\\\/#breadcrumb\"},\"inLanguage\":\"fr-FR\",\"potentialAction\":[{\"@type\":\"ReadAction\",\"target\":[\"https:\\\/\\\/psv-groupe.com\\\/fr\\\/conditions-generales-de-vente\\\/\"]}]},{\"@type\":\"BreadcrumbList\",\"@id\":\"https:\\\/\\\/psv-groupe.com\\\/fr\\\/conditions-generales-de-vente\\\/#breadcrumb\",\"itemListElement\":[{\"@type\":\"ListItem\",\"position\":1,\"name\":\"Accueil\",\"item\":\"https:\\\/\\\/psv-groupe.com\\\/fr\\\/\"},{\"@type\":\"ListItem\",\"position\":2,\"name\":\"Conditions g\u00e9n\u00e9rales de vente\"}]},{\"@type\":\"WebSite\",\"@id\":\"https:\\\/\\\/psv-groupe.com\\\/fr\\\/#website\",\"url\":\"https:\\\/\\\/psv-groupe.com\\\/fr\\\/\",\"name\":\"PSV\",\"description\":\"Fabricants de machines haut de gamme pour l\u2019artisanat et l\u2019industrie alimentaire.\",\"publisher\":{\"@id\":\"https:\\\/\\\/psv-groupe.com\\\/fr\\\/#organization\"},\"potentialAction\":[{\"@type\":\"SearchAction\",\"target\":{\"@type\":\"EntryPoint\",\"urlTemplate\":\"https:\\\/\\\/psv-groupe.com\\\/fr\\\/?s={search_term_string}\"},\"query-input\":{\"@type\":\"PropertyValueSpecification\",\"valueRequired\":true,\"valueName\":\"search_term_string\"}}],\"inLanguage\":\"fr-FR\"},{\"@type\":\"Organization\",\"@id\":\"https:\\\/\\\/psv-groupe.com\\\/fr\\\/#organization\",\"name\":\"PSV\",\"url\":\"https:\\\/\\\/psv-groupe.com\\\/fr\\\/\",\"logo\":{\"@type\":\"ImageObject\",\"inLanguage\":\"fr-FR\",\"@id\":\"https:\\\/\\\/psv-groupe.com\\\/fr\\\/#\\\/schema\\\/logo\\\/image\\\/\",\"url\":\"https:\\\/\\\/psv-groupe.com\\\/wp-content\\\/uploads\\\/2022\\\/03\\\/LOGO-ENG-1.png\",\"contentUrl\":\"https:\\\/\\\/psv-groupe.com\\\/wp-content\\\/uploads\\\/2022\\\/03\\\/LOGO-ENG-1.png\",\"width\":828,\"height\":484,\"caption\":\"PSV\"},\"image\":{\"@id\":\"https:\\\/\\\/psv-groupe.com\\\/fr\\\/#\\\/schema\\\/logo\\\/image\\\/\"}}]}<\/script>\n<!-- \/ Yoast SEO plugin. -->","yoast_head_json":{"title":"Conditions g\u00e9n\u00e9rales de vente - PSV","robots":{"index":"index","follow":"follow","max-snippet":"max-snippet:-1","max-image-preview":"max-image-preview:large","max-video-preview":"max-video-preview:-1"},"canonical":"https:\/\/psv-groupe.com\/fr\/conditions-generales-de-vente\/","og_locale":"fr_FR","og_type":"article","og_title":"Conditions g\u00e9n\u00e9rales de vente - PSV","og_description":"Conditions g\u00e9n\u00e9rales de vente 1 &#8211; Prix Les prix et renseignements port\u00e9s sur les catalogues, prospectus, tarifs sont donn\u00e9s \u00e0 titre indicatif. Tous nos prix s\u2019entendent hors taxe, machine emball\u00e9e, d\u00e9part usine. Franco France M\u00e9tropolitaine \u00e0 partir d\u2019un montant de 760 \u20ac HT net par commande (remise d\u00e9duite). Pour l\u2019exportation, nos prix s\u2019entendent d\u00e9part usine [&hellip;]","og_url":"https:\/\/psv-groupe.com\/fr\/conditions-generales-de-vente\/","og_site_name":"PSV","article_modified_time":"2023-03-08T10:38:12+00:00","twitter_card":"summary_large_image","twitter_misc":{"Dur\u00e9e de lecture estim\u00e9e":"5 minutes"},"schema":{"@context":"https:\/\/schema.org","@graph":[{"@type":"WebPage","@id":"https:\/\/psv-groupe.com\/fr\/conditions-generales-de-vente\/","url":"https:\/\/psv-groupe.com\/fr\/conditions-generales-de-vente\/","name":"Conditions g\u00e9n\u00e9rales de vente - PSV","isPartOf":{"@id":"https:\/\/psv-groupe.com\/fr\/#website"},"datePublished":"2023-01-27T10:47:47+00:00","dateModified":"2023-03-08T10:38:12+00:00","breadcrumb":{"@id":"https:\/\/psv-groupe.com\/fr\/conditions-generales-de-vente\/#breadcrumb"},"inLanguage":"fr-FR","potentialAction":[{"@type":"ReadAction","target":["https:\/\/psv-groupe.com\/fr\/conditions-generales-de-vente\/"]}]},{"@type":"BreadcrumbList","@id":"https:\/\/psv-groupe.com\/fr\/conditions-generales-de-vente\/#breadcrumb","itemListElement":[{"@type":"ListItem","position":1,"name":"Accueil","item":"https:\/\/psv-groupe.com\/fr\/"},{"@type":"ListItem","position":2,"name":"Conditions g\u00e9n\u00e9rales de vente"}]},{"@type":"WebSite","@id":"https:\/\/psv-groupe.com\/fr\/#website","url":"https:\/\/psv-groupe.com\/fr\/","name":"PSV","description":"Fabricants de machines haut de gamme pour l\u2019artisanat et l\u2019industrie alimentaire.","publisher":{"@id":"https:\/\/psv-groupe.com\/fr\/#organization"},"potentialAction":[{"@type":"SearchAction","target":{"@type":"EntryPoint","urlTemplate":"https:\/\/psv-groupe.com\/fr\/?s={search_term_string}"},"query-input":{"@type":"PropertyValueSpecification","valueRequired":true,"valueName":"search_term_string"}}],"inLanguage":"fr-FR"},{"@type":"Organization","@id":"https:\/\/psv-groupe.com\/fr\/#organization","name":"PSV","url":"https:\/\/psv-groupe.com\/fr\/","logo":{"@type":"ImageObject","inLanguage":"fr-FR","@id":"https:\/\/psv-groupe.com\/fr\/#\/schema\/logo\/image\/","url":"https:\/\/psv-groupe.com\/wp-content\/uploads\/2022\/03\/LOGO-ENG-1.png","contentUrl":"https:\/\/psv-groupe.com\/wp-content\/uploads\/2022\/03\/LOGO-ENG-1.png","width":828,"height":484,"caption":"PSV"},"image":{"@id":"https:\/\/psv-groupe.com\/fr\/#\/schema\/logo\/image\/"}}]}},"_links":{"self":[{"href":"https:\/\/psv-groupe.com\/fr\/wp-json\/wp\/v2\/pages\/5668","targetHints":{"allow":["GET"]}}],"collection":[{"href":"https:\/\/psv-groupe.com\/fr\/wp-json\/wp\/v2\/pages"}],"about":[{"href":"https:\/\/psv-groupe.com\/fr\/wp-json\/wp\/v2\/types\/page"}],"author":[{"embeddable":true,"href":"https:\/\/psv-groupe.com\/fr\/wp-json\/wp\/v2\/users\/1"}],"replies":[{"embeddable":true,"href":"https:\/\/psv-groupe.com\/fr\/wp-json\/wp\/v2\/comments?post=5668"}],"version-history":[{"count":0,"href":"https:\/\/psv-groupe.com\/fr\/wp-json\/wp\/v2\/pages\/5668\/revisions"}],"wp:attachment":[{"href":"https:\/\/psv-groupe.com\/fr\/wp-json\/wp\/v2\/media?parent=5668"}],"curies":[{"name":"wp","href":"https:\/\/api.w.org\/{rel}","templated":true}]}}